{"id":12968,"date":"2022-03-31T16:54:11","date_gmt":"2022-03-31T19:54:11","guid":{"rendered":"https:\/\/www.ostec.com.br\/empresa\/eventos-y-noticias\/"},"modified":"2023-11-30T16:18:46","modified_gmt":"2023-11-30T19:18:46","slug":"eventos-y-noticias","status":"publish","type":"page","link":"https:\/\/www.ostec.com.br\/es\/empresa\/eventos-y-noticias\/","title":{"rendered":"Eventos y noticias"},"content":{"rendered":"\t\t<div data-elementor-type=\"wp-page\" data-elementor-id=\"12968\" class=\"elementor elementor-12968 elementor-2285\" data-elementor-post-type=\"page\">\n\t\t\t\t\t\t<section class=\"elementor-section elementor-top-section elementor-element elementor-element-bbbf00a elementor-section-content-middle elementor-section-boxed elementor-section-height-default elementor-section-height-default\" data-id=\"bbbf00a\" data-element_type=\"section\" data-settings=\"{&quot;background_background&quot;:&quot;classic&quot;}\">\n\t\t\t\t\t\t<div class=\"elementor-container elementor-column-gap-no\">\n\t\t\t\t\t<div class=\"elementor-column elementor-col-100 elementor-top-column elementor-element elementor-element-604daa2d\" data-id=\"604daa2d\" data-element_type=\"column\" data-settings=\"{&quot;background_background&quot;:&quot;classic&quot;}\">\n\t\t\t<div class=\"elementor-widget-wrap elementor-element-populated\">\n\t\t\t\t\t\t<div class=\"elementor-element elementor-element-1023abb2 elementor-widget__width-initial elementor-widget-mobile__width-inherit elementor-vertical-align-top elementor-widget elementor-widget-image-box\" data-id=\"1023abb2\" data-element_type=\"widget\" data-widget_type=\"image-box.default\">\n\t\t\t\t\t<div class=\"elementor-image-box-wrapper\"><div class=\"elementor-image-box-content\"><h3 class=\"elementor-image-box-title\">EVENTOS &amp;<br>NOVIDADES<\/h3><p class=\"elementor-image-box-description\">A trav\u00e9s de eventos presenciales y virtuales, buscamos difundir conceptos asociados a la seguridad digital a clientes, socios y otras personas interesadas en el tema.<\/p><\/div><\/div>\t\t\t\t<\/div>\n\t\t\t\t<div class=\"elementor-element elementor-element-f1add24 elementor-widget__width-initial elementor-widget-mobile__width-inherit elementor-widget elementor-widget-video\" data-id=\"f1add24\" data-element_type=\"widget\" data-settings=\"{&quot;youtube_url&quot;:&quot;https:\\\/\\\/youtu.be\\\/LnSDctrj2BE&quot;,&quot;lazy_load&quot;:&quot;yes&quot;,&quot;autoplay&quot;:&quot;yes&quot;,&quot;loop&quot;:&quot;yes&quot;,&quot;video_type&quot;:&quot;youtube&quot;,&quot;controls&quot;:&quot;yes&quot;}\" data-widget_type=\"video.default\">\n\t\t\t\t\t\t\t<div class=\"elementor-wrapper elementor-open-inline\">\n\t\t\t<div class=\"elementor-video\"><\/div>\t\t<\/div>\n\t\t\t\t\t\t<\/div>\n\t\t\t\t\t<\/div>\n\t\t<\/div>\n\t\t\t\t\t<\/div>\n\t\t<\/section>\n\t\t\t\t<section class=\"elementor-section elementor-top-section elementor-element elementor-element-5be3ee63 elementor-section-boxed elementor-section-height-default elementor-section-height-default\" data-id=\"5be3ee63\" data-element_type=\"section\" data-settings=\"{&quot;background_background&quot;:&quot;classic&quot;}\">\n\t\t\t\t\t\t<div class=\"elementor-container elementor-column-gap-default\">\n\t\t\t\t\t<div class=\"elementor-column elementor-col-100 elementor-top-column elementor-element elementor-element-5d69df24\" data-id=\"5d69df24\" data-element_type=\"column\">\n\t\t\t<div class=\"elementor-widget-wrap elementor-element-populated\">\n\t\t\t\t\t\t<div class=\"elementor-element elementor-element-68edd67c elementor-widget__width-initial elementor-widget-mobile__width-inherit elementor-widget elementor-widget-heading\" data-id=\"68edd67c\" data-element_type=\"widget\" data-widget_type=\"heading.default\">\n\t\t\t\t\t<h2 class=\"elementor-heading-title elementor-size-default\">Eventos y<br>Lo nuevo<\/h2>\t\t\t\t<\/div>\n\t\t\t\t<div class=\"elementor-element elementor-element-722aae6 elementor-widget__width-initial elementor-widget-mobile__width-inherit elementor-hidden-mobile elementor-widget elementor-widget-heading\" data-id=\"722aae6\" data-element_type=\"widget\" data-widget_type=\"heading.default\">\n\t\t\t\t\t<h2 class=\"elementor-heading-title elementor-size-default\">Noticias<br>OSTEC<\/h2>\t\t\t\t<\/div>\n\t\t\t\t\t<\/div>\n\t\t<\/div>\n\t\t\t\t\t<\/div>\n\t\t<\/section>\n\t\t\t\t<section class=\"elementor-section elementor-top-section elementor-element elementor-element-590425b5 elementor-section-content-top elementor-reverse-mobile elementor-section-boxed elementor-section-height-default elementor-section-height-default\" data-id=\"590425b5\" data-element_type=\"section\" id=\"home-especialista\" data-settings=\"{&quot;background_background&quot;:&quot;classic&quot;}\">\n\t\t\t\t\t\t<div class=\"elementor-container elementor-column-gap-no\">\n\t\t\t\t\t<div class=\"elementor-column elementor-col-50 elementor-top-column elementor-element elementor-element-1e1dafc\" data-id=\"1e1dafc\" data-element_type=\"column\" data-settings=\"{&quot;background_background&quot;:&quot;classic&quot;}\">\n\t\t\t<div class=\"elementor-widget-wrap elementor-element-populated\">\n\t\t\t\t\t\t<div class=\"elementor-element elementor-element-401634ff elementor-widget__width-inherit elementor-widget-tablet__width-inherit elementor-widget-mobile__width-inherit elementor-widget elementor-widget-elementskit-heading\" data-id=\"401634ff\" data-element_type=\"widget\" data-widget_type=\"elementskit-heading.default\">\n\t\t\t\t\t<div class=\"ekit-wid-con\" ><div class=\"ekit-heading elementskit-section-title-wraper text_left   ekit_heading_tablet-   ekit_heading_mobile-\"><h2 class=\"ekit-heading--title elementskit-section-title \">Suscribirse<br>en nuestra newsletter<\/h2>\t\t\t\t<div class='ekit-heading__description'>\n\t\t\t\t\t<p>Suscr\u00edbete a nuestra newsletter y recibe nuestros \u00faltimos contenidos asociados a la seguridad y tecnolog\u00eda digital.<\/p>\n\t\t\t\t<\/div>\n\t\t\t<\/div><\/div>\t\t\t\t<\/div>\n\t\t\t\t<div class=\"elementor-element elementor-element-45b56144 elementor-widget__width-inherit elementor-widget-tablet__width-inherit elementor-widget-mobile__width-initial elementor-widget elementor-widget-elementskit-popup-modal\" data-id=\"45b56144\" data-element_type=\"widget\" data-widget_type=\"elementskit-popup-modal.default\">\n\t\t\t\t<div class=\"elementor-widget-container\">\n\t\t\t\t\t<div class=\"ekit-wid-con\" >        <!-- Start Markup -->\n                            <div class='ekit-popup-modal__toggler-wrapper'>\n                    <!-- Button trigger modal -->\n                    <button \n                        type=\"button\" \n                        class=\"elementskit-btn ekit-popup-btn ekit-popup-btn__filled ekit-popup__toggler ekit-popup-modal-toggler whitespace--normal\" \n                        data-toggle=\"modal\" \n                        data-target=\"#ekit-popup-modal\"\n                        id=\"ekit-popup-modal-toggler\"\n                    >\n                                                    <div class='ekit-popup-btn__has-icon'>\n                                <i aria-hidden=\"true\" class=\"fas fa-chevron-right\"><\/i>                                Inscrever na newsletter\n                                                            <\/div>\n                                            <\/button>\n                <\/div>\n            \n            <!-- Modal -->\n            <div \n                class=\"ekit-popup-modal ekit-popup-modal__inside bottom right\" \n                data-toggleafter=\"0\"\n                data-toggletype=\"button\"\n                data-cookieconsent=\"\"\n            >\n                                <div\n                    class=\"ekit-popup-modal__content ekit-popup__content animated animated-normal\" \n                    style=\"\"\n                    data-animation=\"fade-in-up\"\n                >\n                                            <div class=\"ekit-popup-modal__close popup-top-right\">\n                            <i aria-hidden=\"true\" class=\"far fa-window-close\"><\/i>                        <\/div>\n                    \n                    <!-- Start Header -->\n                                        <!-- End Header -->\n\n                    <!-- Start Body -->\n                    <div class=\"ekit-popup-modal__body ekit-popup__body\">\n                        \n\t\t<div class=\"widgetarea_warper widgetarea_warper_editable\" data-elementskit-widgetarea-key=\"popup\"  data-elementskit-widgetarea-index=\"45b56144\">\n\t\t\t<div class=\"widgetarea_warper_edit\" data-elementskit-widgetarea-key=\"popup\" data-elementskit-widgetarea-index=\"45b56144\">\n\t\t\t\t<i class=\"eicon-edit\" aria-hidden=\"true\"><\/i>\n\t\t\t\t<span>Edit Content<\/span>\n\t\t\t<\/div>\n\n\t\t\t\t\t\t\t\t<div class=\"ekit-widget-area-container\">\n\t\t\t\t\t\t\t<div data-elementor-type=\"wp-post\" data-elementor-id=\"11410\" class=\"elementor elementor-11410\" data-elementor-post-type=\"elementskit_content\">\n\t\t\t\t\t\t<section class=\"elementor-section elementor-top-section elementor-element elementor-element-8406454 elementor-section-content-middle elementor-section-full_width elementor-section-height-default elementor-section-height-default\" data-id=\"8406454\" data-element_type=\"section\" data-settings=\"{&quot;background_background&quot;:&quot;classic&quot;}\">\n\t\t\t\t\t\t<div class=\"elementor-container elementor-column-gap-no\">\n\t\t\t\t\t<div class=\"elementor-column elementor-col-100 elementor-top-column elementor-element elementor-element-e09d565\" data-id=\"e09d565\" data-element_type=\"column\" data-settings=\"{&quot;background_background&quot;:&quot;classic&quot;}\">\n\t\t\t<div class=\"elementor-widget-wrap elementor-element-populated\">\n\t\t\t\t\t\t<div class=\"elementor-element elementor-element-f76e16e elementor-widget__width-inherit elementor-widget-tablet__width-inherit elementor-widget-mobile__width-inherit elementor-widget elementor-widget-elementskit-heading\" data-id=\"f76e16e\" data-element_type=\"widget\" data-widget_type=\"elementskit-heading.default\">\n\t\t\t\t\t<div class=\"ekit-wid-con\" ><div class=\"ekit-heading elementskit-section-title-wraper text_left   ekit_heading_tablet-   ekit_heading_mobile-\"><h2 class=\"ekit-heading--title elementskit-section-title \">Newsletter<\/h2><\/div><\/div>\t\t\t\t<\/div>\n\t\t\t\t<div class=\"elementor-element elementor-element-fb461c4 elementor-widget__width-inherit elementor-widget-tablet__width-inherit elementor-widget-mobile__width-inherit elementor-widget elementor-widget-html\" data-id=\"fb461c4\" data-element_type=\"widget\" data-widget_type=\"html.default\">\n\t\t\t\t\t\n<script type=\"text\/javascript\">(function(){'use strict';var XHR=XMLHttpRequest||ActiveXObject;var request=new XHR('MSXML2.XMLHTTP.3.0');window.count=(window.count||0)+1;function createForm(url,id){var vid=window.count;url+=\"&v=\"+vid;var form_div;setTimeout(function(){form_div=document.getElementById(id);form_div.id=id+vid;request.send()},10+window.count);request.open('GET',url,!0);request.onreadystatechange=function(){if(request.readyState===4){var result;try{result=JSON.parse(request.responseText)}catch(e){result=request.responseText}\nif(form_div){if(typeof result===\"string\"){form_div.innerHTML=result;return}\nform_div.innerHTML=result.html;var webform=form_div.getElementsByTagName('form')[0];var input_cookie=document.createElement('input');input_cookie.name='cookie';input_cookie.type='hidden';input_cookie.value=document.cookie;webform.appendChild(input_cookie);var script=document.createElement('script');script.id=\"pipz_script_01c474a9\"+vid;script.innerHTML=result.script;document.head.appendChild(script)}}};}\nfunction getCookie(cookiename){var cookiestring=RegExp(\"\"+cookiename+\"[^;]+\").exec(document.cookie);return unescape(!!cookiestring?cookiestring.toString().replace(\/^[^=]+.\/,\"\"):\"\").replace(\/\"\/igm,\"\")}\nvar uuid=getCookie(\"pipz_uuid\").replace(\/\"\/igm,\"\");createForm(\"https:\/\/forms.pipz.io\/?h=39afb971a587ff59130659.749d8c61&uuid=\"+uuid,\"form_01c474a9\")})();<\/script><div id=\"form_01c474a9\"><\/div>\t\t\t\t<\/div>\n\t\t\t\t<div class=\"elementor-element elementor-element-8c0476f elementor-widget__width-inherit elementor-widget-mobile__width-inherit elementor-widget elementor-widget-elementskit-stylish-list\" data-id=\"8c0476f\" data-element_type=\"widget\" data-widget_type=\"elementskit-stylish-list.default\">\n\t\t\t\t<div class=\"elementor-widget-container\">\n\t\t\t\t\t<div class=\"ekit-wid-con\">\t\t<ul class=\"ekit-stylish-list \" >\n\t\t\t\t\t\t\t<li class=\"ekit-stylish-list-content-wrapper elementor-repeater-item-77054ac\" >\n\t\t\t\t\t\t\t\t\t\t<div class=\"ekit-stylish-list-content\">\n\t\t\t\t\t\t\t\t\t\t\t\t\t\t\t\t\t\t\t<div class=\"ekit-stylish-list-content-icon\">\t\t\t\n\t\t\t\t\t\t\t\t<i aria-hidden=\"true\" class=\"far fa-envelope\"><\/i>\t\t\t\n\t\t\t\t\t\t\t<\/div>\n\t\t\t\t\t\t\t\t\t\t\t\t\t\t\t\t\t\t<div class=\"ekit-stylish-list-content-text\">\n\t\t\t\t\t\t\t<span class=\"ekit-stylish-list-content-title\">contato@ostec.com.br<\/span>\n\t\t\t\t\t\t\t\t\t\t\t\t\t<\/div>\n\t\t\t\t\t\t\t\t\t\t\t<\/div>\n\t\t\t\t\t\n\t\t\t\t<\/li>\n\t\t\t\t\t\t\t\t\t\t\t<li class=\"ekit-stylish-list-content-wrapper elementor-repeater-item-3ed69cd\" >\n\t\t\t\t\t\t\t\t\t\t<div class=\"ekit-stylish-list-content\">\n\t\t\t\t\t\t\t\t\t\t\t\t\t\t\t\t\t\t\t<div class=\"ekit-stylish-list-content-icon\">\t\t\t\n\t\t\t\t\t\t\t\t<i aria-hidden=\"true\" class=\"fas fa-phone-alt\"><\/i>\t\t\t\n\t\t\t\t\t\t\t<\/div>\n\t\t\t\t\t\t\t\t\t\t\t\t\t\t\t\t\t\t<div class=\"ekit-stylish-list-content-text\">\n\t\t\t\t\t\t\t<span class=\"ekit-stylish-list-content-title\">(48) 3052-8500<\/span>\n\t\t\t\t\t\t\t\t\t\t\t\t\t<\/div>\n\t\t\t\t\t\t\t\t\t\t\t<\/div>\n\t\t\t\t\t\n\t\t\t\t<\/li>\n\t\t\t\t\t\t\t\t\t\t\t<li class=\"ekit-stylish-list-content-wrapper elementor-repeater-item-69bc8d3\" >\n\t\t\t\t\t\t\t\t\t\t<div class=\"ekit-stylish-list-content\">\n\t\t\t\t\t\t\t\t\t\t\t\t\t\t\t\t\t\t\t<div class=\"ekit-stylish-list-content-icon\">\t\t\t\n\t\t\t\t\t\t\t\t<i aria-hidden=\"true\" class=\"fab fa-whatsapp\"><\/i>\t\t\t\n\t\t\t\t\t\t\t<\/div>\n\t\t\t\t\t\t\t\t\t\t\t\t\t\t\t\t\t\t<div class=\"ekit-stylish-list-content-text\">\n\t\t\t\t\t\t\t<span class=\"ekit-stylish-list-content-title\">(48) 3052-8524<\/span>\n\t\t\t\t\t\t\t\t\t\t\t\t\t<\/div>\n\t\t\t\t\t\t\t\t\t\t\t<\/div>\n\t\t\t\t\t\n\t\t\t\t<\/li>\n\t\t\t\t\t\t\t\t\t<\/ul>\n\t<\/div>\t\t\t\t<\/div>\n\t\t\t\t<\/div>\n\t\t\t\t\t<\/div>\n\t\t<\/div>\n\t\t\t\t\t<\/div>\n\t\t<\/section>\n\t\t\t\t<\/div>\n\t\t\t\t\t\t\t<\/div>\n\t\t\t\t\t\t<\/div>\n\t\t                    <\/div>\n                    <!-- Emd Body -->\n\n                    <!-- Start Footer -->\n                                        <!-- End Footer -->\n                <\/div>\n                                    <div class=\"ekit-popup-modal__overlay ekit-popup__close\"><\/div>\n                            <\/div>\n        <!-- End Markup -->\n    <\/div>\t\t\t\t<\/div>\n\t\t\t\t<\/div>\n\t\t\t\t\t<\/div>\n\t\t<\/div>\n\t\t\t\t<div class=\"elementor-column elementor-col-50 elementor-top-column elementor-element elementor-element-63d5d9e7\" data-id=\"63d5d9e7\" data-element_type=\"column\" data-settings=\"{&quot;background_background&quot;:&quot;classic&quot;}\">\n\t\t\t<div class=\"elementor-widget-wrap elementor-element-populated\">\n\t\t\t\t\t\t<div class=\"elementor-element elementor-element-7ea9607 elementor-widget elementor-widget-image\" data-id=\"7ea9607\" data-element_type=\"widget\" data-widget_type=\"image.default\">\n\t\t\t\t\t\t\t\t\t\t\t\t\t\t\t<img fetchpriority=\"high\" decoding=\"async\" width=\"617\" height=\"702\" src=\"https:\/\/www.ostec.com.br\/wp-content\/uploads\/2023\/02\/jovem-mulher-negra-sorrindo.jpg\" class=\"attachment-medium_large size-medium_large wp-image-4456\" alt=\"\" \/>\t\t\t\t\t\t\t\t\t\t\t\t\t\t\t<\/div>\n\t\t\t\t\t<\/div>\n\t\t<\/div>\n\t\t\t\t\t<\/div>\n\t\t<\/section>\n\t\t\t\t<\/div>\n\t\t","protected":false},"excerpt":{"rendered":"<p>EVENTOS &amp;NOVIDADES A trav\u00e9s de eventos presenciales y virtuales, buscamos difundir conceptos asociados a la seguridad digital a clientes, socios y otras personas interesadas en el tema. Eventos yLo nuevo NoticiasOSTEC Suscribirseen nuestra newsletter Suscr\u00edbete a nuestra newsletter y recibe nuestros \u00faltimos contenidos asociados a la seguridad y tecnolog\u00eda digital. Inscrever na newsletter Edit Content [&hellip;]<\/p>\n","protected":false},"author":1,"featured_media":0,"parent":12458,"menu_order":0,"comment_status":"closed","ping_status":"closed","template":"","meta":{"footnotes":""},"class_list":["post-12968","page","type-page","status-publish","hentry"],"yoast_head":"<!-- This site is optimized with the Yoast SEO plugin v25.7 - https:\/\/yoast.com\/wordpress\/plugins\/seo\/ -->\n<title>Eventos y noticias - OSTEC - Seguran\u00e7a digital de resultados<\/title>\n<meta name=\"robots\" content=\"index, follow, max-snippet:-1, max-image-preview:large, max-video-preview:-1\" \/>\n<link rel=\"canonical\" href=\"https:\/\/www.ostec.com.br\/es\/empresa\/eventos-y-noticias\/\" \/>\n<meta property=\"og:locale\" content=\"es_ES\" \/>\n<meta property=\"og:type\" content=\"article\" \/>\n<meta property=\"og:title\" content=\"Eventos y noticias - OSTEC - Seguran\u00e7a digital de resultados\" \/>\n<meta property=\"og:description\" content=\"EVENTOS &amp;NOVIDADES A trav\u00e9s de eventos presenciales y virtuales, buscamos difundir conceptos asociados a la seguridad digital a clientes, socios y otras personas interesadas en el tema. Eventos yLo nuevo NoticiasOSTEC Suscribirseen nuestra newsletter Suscr\u00edbete a nuestra newsletter y recibe nuestros \u00faltimos contenidos asociados a la seguridad y tecnolog\u00eda digital. Inscrever na newsletter Edit Content [&hellip;]\" \/>\n<meta property=\"og:url\" content=\"https:\/\/www.ostec.com.br\/es\/empresa\/eventos-y-noticias\/\" \/>\n<meta property=\"og:site_name\" content=\"OSTEC - Seguran\u00e7a digital de resultados\" \/>\n<meta property=\"article:publisher\" content=\"https:\/\/www.facebook.com\/ostec\/\" \/>\n<meta property=\"article:modified_time\" content=\"2023-11-30T19:18:46+00:00\" \/>\n<meta property=\"og:image\" content=\"https:\/\/www.ostec.com.br\/wp-content\/uploads\/2023\/02\/jovem-mulher-negra-sorrindo.jpg\" \/>\n<meta name=\"twitter:card\" content=\"summary_large_image\" \/>\n<script type=\"application\/ld+json\" class=\"yoast-schema-graph\">{\"@context\":\"https:\/\/schema.org\",\"@graph\":[{\"@type\":\"WebPage\",\"@id\":\"https:\/\/www.ostec.com.br\/es\/empresa\/eventos-y-noticias\/\",\"url\":\"https:\/\/www.ostec.com.br\/es\/empresa\/eventos-y-noticias\/\",\"name\":\"Eventos y noticias - OSTEC - Seguran\u00e7a digital de resultados\",\"isPartOf\":{\"@id\":\"https:\/\/www.ostec.com.br\/#website\"},\"primaryImageOfPage\":{\"@id\":\"https:\/\/www.ostec.com.br\/es\/empresa\/eventos-y-noticias\/#primaryimage\"},\"image\":{\"@id\":\"https:\/\/www.ostec.com.br\/es\/empresa\/eventos-y-noticias\/#primaryimage\"},\"thumbnailUrl\":\"https:\/\/www.ostec.com.br\/wp-content\/uploads\/2023\/02\/jovem-mulher-negra-sorrindo.jpg\",\"datePublished\":\"2022-03-31T19:54:11+00:00\",\"dateModified\":\"2023-11-30T19:18:46+00:00\",\"breadcrumb\":{\"@id\":\"https:\/\/www.ostec.com.br\/es\/empresa\/eventos-y-noticias\/#breadcrumb\"},\"inLanguage\":\"es-ES\",\"potentialAction\":[{\"@type\":\"ReadAction\",\"target\":[\"https:\/\/www.ostec.com.br\/es\/empresa\/eventos-y-noticias\/\"]}]},{\"@type\":\"ImageObject\",\"inLanguage\":\"es-ES\",\"@id\":\"https:\/\/www.ostec.com.br\/es\/empresa\/eventos-y-noticias\/#primaryimage\",\"url\":\"https:\/\/www.ostec.com.br\/wp-content\/uploads\/2023\/02\/jovem-mulher-negra-sorrindo.jpg\",\"contentUrl\":\"https:\/\/www.ostec.com.br\/wp-content\/uploads\/2023\/02\/jovem-mulher-negra-sorrindo.jpg\"},{\"@type\":\"BreadcrumbList\",\"@id\":\"https:\/\/www.ostec.com.br\/es\/empresa\/eventos-y-noticias\/#breadcrumb\",\"itemListElement\":[{\"@type\":\"ListItem\",\"position\":1,\"name\":\"In\u00edcio\",\"item\":\"https:\/\/www.ostec.com.br\/\"},{\"@type\":\"ListItem\",\"position\":2,\"name\":\"Empresa\",\"item\":\"https:\/\/www.ostec.com.br\/es\/empresa\/\"},{\"@type\":\"ListItem\",\"position\":3,\"name\":\"Eventos y noticias\"}]},{\"@type\":\"WebSite\",\"@id\":\"https:\/\/www.ostec.com.br\/#website\",\"url\":\"https:\/\/www.ostec.com.br\/\",\"name\":\"OSTEC - Seguran\u00e7a digital de resultados\",\"description\":\"Seguran\u00e7a digital de resultados.\",\"publisher\":{\"@id\":\"https:\/\/www.ostec.com.br\/#organization\"},\"alternateName\":\"OSTEC\",\"potentialAction\":[{\"@type\":\"SearchAction\",\"target\":{\"@type\":\"EntryPoint\",\"urlTemplate\":\"https:\/\/www.ostec.com.br\/?s={search_term_string}\"},\"query-input\":{\"@type\":\"PropertyValueSpecification\",\"valueRequired\":true,\"valueName\":\"search_term_string\"}}],\"inLanguage\":\"es-ES\"},{\"@type\":\"Organization\",\"@id\":\"https:\/\/www.ostec.com.br\/#organization\",\"name\":\"OSTEC Business Security\",\"alternateName\":\"OSTEC\",\"url\":\"https:\/\/www.ostec.com.br\/\",\"logo\":{\"@type\":\"ImageObject\",\"inLanguage\":\"es-ES\",\"@id\":\"https:\/\/www.ostec.com.br\/#\/schema\/logo\/image\/\",\"url\":\"https:\/\/www.ostec.com.br\/wp-content\/uploads\/2021\/12\/fav_color.svg\",\"contentUrl\":\"https:\/\/www.ostec.com.br\/wp-content\/uploads\/2021\/12\/fav_color.svg\",\"width\":1,\"height\":1,\"caption\":\"OSTEC Business Security\"},\"image\":{\"@id\":\"https:\/\/www.ostec.com.br\/#\/schema\/logo\/image\/\"},\"sameAs\":[\"https:\/\/www.facebook.com\/ostec\/\",\"https:\/\/www.instagram.com\/ostecsecurity\/\",\"https:\/\/www.linkedin.com\/company\/ostec-security\/\"]}]}<\/script>\n<!-- \/ Yoast SEO plugin. -->","yoast_head_json":{"title":"Eventos y noticias - OSTEC - Seguran\u00e7a digital de resultados","robots":{"index":"index","follow":"follow","max-snippet":"max-snippet:-1","max-image-preview":"max-image-preview:large","max-video-preview":"max-video-preview:-1"},"canonical":"https:\/\/www.ostec.com.br\/es\/empresa\/eventos-y-noticias\/","og_locale":"es_ES","og_type":"article","og_title":"Eventos y noticias - OSTEC - Seguran\u00e7a digital de resultados","og_description":"EVENTOS &amp;NOVIDADES A trav\u00e9s de eventos presenciales y virtuales, buscamos difundir conceptos asociados a la seguridad digital a clientes, socios y otras personas interesadas en el tema. Eventos yLo nuevo NoticiasOSTEC Suscribirseen nuestra newsletter Suscr\u00edbete a nuestra newsletter y recibe nuestros \u00faltimos contenidos asociados a la seguridad y tecnolog\u00eda digital. Inscrever na newsletter Edit Content [&hellip;]","og_url":"https:\/\/www.ostec.com.br\/es\/empresa\/eventos-y-noticias\/","og_site_name":"OSTEC - Seguran\u00e7a digital de resultados","article_publisher":"https:\/\/www.facebook.com\/ostec\/","article_modified_time":"2023-11-30T19:18:46+00:00","og_image":[{"url":"https:\/\/www.ostec.com.br\/wp-content\/uploads\/2023\/02\/jovem-mulher-negra-sorrindo.jpg","type":"","width":"","height":""}],"twitter_card":"summary_large_image","schema":{"@context":"https:\/\/schema.org","@graph":[{"@type":"WebPage","@id":"https:\/\/www.ostec.com.br\/es\/empresa\/eventos-y-noticias\/","url":"https:\/\/www.ostec.com.br\/es\/empresa\/eventos-y-noticias\/","name":"Eventos y noticias - OSTEC - Seguran\u00e7a digital de resultados","isPartOf":{"@id":"https:\/\/www.ostec.com.br\/#website"},"primaryImageOfPage":{"@id":"https:\/\/www.ostec.com.br\/es\/empresa\/eventos-y-noticias\/#primaryimage"},"image":{"@id":"https:\/\/www.ostec.com.br\/es\/empresa\/eventos-y-noticias\/#primaryimage"},"thumbnailUrl":"https:\/\/www.ostec.com.br\/wp-content\/uploads\/2023\/02\/jovem-mulher-negra-sorrindo.jpg","datePublished":"2022-03-31T19:54:11+00:00","dateModified":"2023-11-30T19:18:46+00:00","breadcrumb":{"@id":"https:\/\/www.ostec.com.br\/es\/empresa\/eventos-y-noticias\/#breadcrumb"},"inLanguage":"es-ES","potentialAction":[{"@type":"ReadAction","target":["https:\/\/www.ostec.com.br\/es\/empresa\/eventos-y-noticias\/"]}]},{"@type":"ImageObject","inLanguage":"es-ES","@id":"https:\/\/www.ostec.com.br\/es\/empresa\/eventos-y-noticias\/#primaryimage","url":"https:\/\/www.ostec.com.br\/wp-content\/uploads\/2023\/02\/jovem-mulher-negra-sorrindo.jpg","contentUrl":"https:\/\/www.ostec.com.br\/wp-content\/uploads\/2023\/02\/jovem-mulher-negra-sorrindo.jpg"},{"@type":"BreadcrumbList","@id":"https:\/\/www.ostec.com.br\/es\/empresa\/eventos-y-noticias\/#breadcrumb","itemListElement":[{"@type":"ListItem","position":1,"name":"In\u00edcio","item":"https:\/\/www.ostec.com.br\/"},{"@type":"ListItem","position":2,"name":"Empresa","item":"https:\/\/www.ostec.com.br\/es\/empresa\/"},{"@type":"ListItem","position":3,"name":"Eventos y noticias"}]},{"@type":"WebSite","@id":"https:\/\/www.ostec.com.br\/#website","url":"https:\/\/www.ostec.com.br\/","name":"OSTEC - Seguran\u00e7a digital de resultados","description":"Seguran\u00e7a digital de resultados.","publisher":{"@id":"https:\/\/www.ostec.com.br\/#organization"},"alternateName":"OSTEC","potentialAction":[{"@type":"SearchAction","target":{"@type":"EntryPoint","urlTemplate":"https:\/\/www.ostec.com.br\/?s={search_term_string}"},"query-input":{"@type":"PropertyValueSpecification","valueRequired":true,"valueName":"search_term_string"}}],"inLanguage":"es-ES"},{"@type":"Organization","@id":"https:\/\/www.ostec.com.br\/#organization","name":"OSTEC Business Security","alternateName":"OSTEC","url":"https:\/\/www.ostec.com.br\/","logo":{"@type":"ImageObject","inLanguage":"es-ES","@id":"https:\/\/www.ostec.com.br\/#\/schema\/logo\/image\/","url":"https:\/\/www.ostec.com.br\/wp-content\/uploads\/2021\/12\/fav_color.svg","contentUrl":"https:\/\/www.ostec.com.br\/wp-content\/uploads\/2021\/12\/fav_color.svg","width":1,"height":1,"caption":"OSTEC Business Security"},"image":{"@id":"https:\/\/www.ostec.com.br\/#\/schema\/logo\/image\/"},"sameAs":["https:\/\/www.facebook.com\/ostec\/","https:\/\/www.instagram.com\/ostecsecurity\/","https:\/\/www.linkedin.com\/company\/ostec-security\/"]}]}},"_links":{"self":[{"href":"https:\/\/www.ostec.com.br\/es\/wp-json\/wp\/v2\/pages\/12968","targetHints":{"allow":["GET"]}}],"collection":[{"href":"https:\/\/www.ostec.com.br\/es\/wp-json\/wp\/v2\/pages"}],"about":[{"href":"https:\/\/www.ostec.com.br\/es\/wp-json\/wp\/v2\/types\/page"}],"author":[{"embeddable":true,"href":"https:\/\/www.ostec.com.br\/es\/wp-json\/wp\/v2\/users\/1"}],"replies":[{"embeddable":true,"href":"https:\/\/www.ostec.com.br\/es\/wp-json\/wp\/v2\/comments?post=12968"}],"version-history":[{"count":0,"href":"https:\/\/www.ostec.com.br\/es\/wp-json\/wp\/v2\/pages\/12968\/revisions"}],"up":[{"embeddable":true,"href":"https:\/\/www.ostec.com.br\/es\/wp-json\/wp\/v2\/pages\/12458"}],"wp:attachment":[{"href":"https:\/\/www.ostec.com.br\/es\/wp-json\/wp\/v2\/media?parent=12968"}],"curies":[{"name":"wp","href":"https:\/\/api.w.org\/{rel}","templated":true}]}}