{"id":13069,"date":"2022-02-09T12:58:39","date_gmt":"2022-02-09T15:58:39","guid":{"rendered":"https:\/\/www.ostec.com.br\/soluciones\/gestion-continua-de-vulnerabilidades\/"},"modified":"2023-10-19T10:41:36","modified_gmt":"2023-10-19T13:41:36","slug":"gestion-continua-de-vulnerabilidades","status":"publish","type":"page","link":"https:\/\/www.ostec.com.br\/es\/soluciones-2\/gestion-continua-de-vulnerabilidades\/","title":{"rendered":"Gesti\u00f3n continua de vulnerabilidades"},"content":{"rendered":"<h2>GESTI\u00d3N CONTINUA DE LA VULNERABILIDAD<\/h2>\n<h3>\n\t\t\t\t\t\tIDENTIFICAR Y SOLUCIONAR VULNERABILIDADES EN SEGURIDAD DIGITAL<br \/>\n\t\t\t\t\t<\/h3>\n<p>El n\u00famero de ciberamenazas crece cada a\u00f1o, al igual que el impacto generado por los incidentes de seguridad. Conoce el servicio <b>de Gesti\u00f3n Continua de Vulnerabilidades (GCV)<\/b> , y mant\u00e9n tu negocio seguro en internet.<\/p>\n<p>\t\t\t<a href=\"#gcv-especialista\"><br \/>\n\t\t\t\t\t\tHABLAR CON UN ESPECIALISTA<br \/>\n\t\t\t\t\t<\/a><br \/>\n\t\t\t\t\t\t\t\t\t\t\t\t\t\t\t<img decoding=\"async\" width=\"1\" height=\"1\" src=\"https:\/\/www.ostec.com.br\/wp-content\/uploads\/2021\/12\/fav_color.svg\" alt=\"\" \/>\t\t\t\t\t\t\t\t\t\t\t\t\t\t\t<\/p>\n<h4>Las vulnerabilidades siguen apareciendo a menos que deje de buscarlas<\/h4>\n<p>El servicio de&nbsp;<b>La gesti\u00f3n continua de vulnerabilidades (GCV)<\/b> establece un proceso continuo y proactivo para monitorear y corregir las vulnerabilidades de seguridad digital.<\/p>\n<p>El resultado de aplicar el <b>GCV<\/b> es la reducci\u00f3n del tiempo en que su empresa est\u00e1 expuesta a una amenaza virtual, minimizando las posibilidades de que estas sean explotadas.<\/p>\n<p>La explotaci\u00f3n de una vulnerabilidad puede causar da\u00f1os a los activos tecnol\u00f3gicos, que son esenciales para el funcionamiento de la empresa.<\/p>\n<p><b>Las p\u00e9rdidas financieras pueden ser representativas en estos escenarios.<\/b><\/p>\n<h3>A qui\u00e9n est\u00e1 destinado<\/h3>\n<p>La mayor\u00eda de las organizaciones pueden considerarse objetivos potenciales para los ciberdelincuentes, ya sean entidades gubernamentales o empresas privadas, independientemente de su tama\u00f1o o \u00e1rea.<\/p>\n<p>Por esta raz\u00f3n, la&nbsp;<b>Gesti\u00f3n continua de vulnerabilidades<\/b>&nbsp; es un servicio que pueden consumir las empresas que entienden la necesidad de invertir en acciones proactivas para minimizar las posibilidades de p\u00e9rdida o exposici\u00f3n de datos.<\/p>\n<p>Monitorear y corregir vulnerabilidades continuamente es un trabajo que requiere disciplina por parte de profesionales y empresas, por lo que contar con asistencia especializada es fundamental para asegurar la efectividad de esta estrategia de seguridad.<\/p>\n<h3>Beneficios y distintivos<\/h3>\n<p>Conozca los principales beneficios y diferenciales de la consultor\u00eda <strong>en Gesti\u00f3n Continua de Vulnerabilidades <\/strong><\/p>\n<p>\t\t\t\t<svg xmlns=\"http:\/\/www.w3.org\/2000\/svg\" height=\"48\" viewBox=\"0 96 960 960\" width=\"48\"><path d=\"M653 816v-60h127L539 515 372 682 80 391l43-43 248 248 167-167 283 283V589h59v227H653Z\"><\/path><\/svg>\t\t\t\t<\/p>\n<h3>\n\t\t\t\t\t\tMinimizar las posibilidades de incidentes<br \/>\n\t\t\t\t<\/h3>\n<p>\n\t\t\t\t\t\tEl monitoreo proactivo de las vulnerabilidades de seguridad puede reducir las posibilidades de \u00e9xito de un ataque virtual que genera p\u00e9rdidas financieras hasta en un 30 %.\t\t\t\t\t<\/p>\n<p>\t\t\t\t<svg xmlns=\"http:\/\/www.w3.org\/2000\/svg\" height=\"48\" viewBox=\"0 96 960 960\" width=\"48\"><path d=\"M120 936v-76l60-60v136h-60Zm165 0V700l60-60v296h-60Zm165 0V640l60 61v235h-60Zm165 0V701l60-60v295h-60Zm165 0V540l60-60v456h-60ZM120 700v-85l280-278 160 160 280-281v85L560 582 400 422 120 700Z\"><\/path><\/svg>\t\t\t\t<\/p>\n<h3>\n\t\t\t\t\t\tHaga inversiones m\u00e1s asertivas<br \/>\n\t\t\t\t<\/h3>\n<p>\n\t\t\t\t\t\tConozca las vulnerabilidades de seguridad digital existentes en la empresa permite priorizar y realizar inversiones m\u00e1s asertivas para la protecci\u00f3n de datos y resultados.\t\t\t\t\t<\/p>\n<p>\t\t\t\t<svg xmlns=\"http:\/\/www.w3.org\/2000\/svg\" height=\"48\" viewBox=\"0 96 960 960\" width=\"48\"><path d=\"M220 976q-24 0-42-18t-18-42V236q0-24 18-42t42-18h520q24 0 42 18t18 42v680q0 24-18 42t-42 18H220Zm0-60h520V236h-60v266l-97-56-97 56V236H220v680Zm0 0V236v680Zm266-414 97-56 97 56-97-56-97 56Z\"><\/path><\/svg>\t\t\t\t<\/p>\n<h3>\n\t\t\t\t\t\tEs un legado para el equipo t\u00e9cnico<br \/>\n\t\t\t\t<\/h3>\n<p>\n\t\t\t\t\t\tEl proceso GCV genera conocimiento y deja un legado a los profesionales de tecnolog\u00eda y seguridad digital, siendo una excelente oportunidad para desarrollar talento interno.\t\t\t\t\t<\/p>\n<p>\t\t\t\t<svg xmlns=\"http:\/\/www.w3.org\/2000\/svg\" height=\"48\" viewBox=\"0 96 960 960\" width=\"48\"><path d=\"M480.118 726Q551 726 600.5 676.382q49.5-49.617 49.5-120.5Q650 485 600.382 435.5q-49.617-49.5-120.5-49.5Q409 386 359.5 435.618q-49.5 49.617-49.5 120.5Q310 627 359.618 676.5q49.617 49.5 120.5 49.5Zm-.353-58Q433 668 400.5 635.265q-32.5-32.736-32.5-79.5Q368 509 400.735 476.5q32.736-32.5 79.5-32.5Q527 444 559.5 476.735q32.5 32.736 32.5 79.5Q592 603 559.265 635.5q-32.736 32.5-79.5 32.5ZM480 856q-146 0-264-83T40 556q58-134 176-217t264-83q146 0 264 83t176 217q-58 134-176 217t-264 83Zm0-300Zm-.169 240Q601 796 702.5 730.5 804 665 857 556q-53-109-154.331-174.5-101.332-65.5-222.5-65.5Q359 316 257.5 381.5 156 447 102 556q54 109 155.331 174.5 101.332 65.5 222.5 65.5Z\"><\/path><\/svg>\t\t\t\t<\/p>\n<h3>\n\t\t\t\t\t\tAumente la visibilidad de los activos<br \/>\n\t\t\t\t<\/h3>\n<p>\n\t\t\t\t\t\tTu empresa solo puede protegerse de lo que sabe, por eso es importante tener visibilidad sobre los activos tecnol\u00f3gicos para actuar proactivamente ante los problemas encontrados.\t\t\t\t\t<\/p>\n<p>\t\t\t<a href=\"https:\/\/wa.me\/554891170258\" id=\"btn-gcv-especialista-whats\"><br \/>\n\t\t\t\t\t\tHablar con un experto<br \/>\n\t\t\t\t\t<\/a><\/p>\n<h1>entrega consultiva <br \/>y profundo <\/h1>\n<p>Esta frase es parte de nuestro <b>Prop\u00f3sito de Marca<\/b> y orienta todas las acciones aqu\u00ed en <b>OSTEC<\/b> . Comprender en la pr\u00e1ctica el concepto de entrega consultiva y en profundidad, a trav\u00e9s de los testimonios de nuestros clientes.<\/p>\n<p><a href=\"https:\/\/www.youtube.com\/embed\/LpDEFuqbtWM?feature=oembed?playlist=LpDEFuqbtWM&amp;mute=0&amp;autoplay=0&amp;loop=no&amp;controls=0&amp;start=0&amp;end=\" aria-label=\"video-popup\"><br \/>\n\t\t\t\t\t\t<\/a><\/p>\n<figure><img data-src=\"https:\/\/www.ostec.com.br\/wp-content\/uploads\/2023\/08\/cliente-jayme.jpg\" alt=\"cliente-jayme\" \/><\/figure>\n<figure><img data-src=\"https:\/\/www.ostec.com.br\/wp-content\/uploads\/2023\/08\/cliente-bruno.jpg\" alt=\"cliente-bruno\" \/><\/figure>\n<figure><img data-src=\"https:\/\/www.ostec.com.br\/wp-content\/uploads\/2023\/08\/cliente-wilson.jpg\" alt=\"cliente-wilson\" \/><\/figure>\n<figure><img data-src=\"https:\/\/www.ostec.com.br\/wp-content\/uploads\/2023\/02\/logo-giassi.png\" alt=\"logo-giassi\" \/><\/figure>\n<figure><img data-src=\"https:\/\/www.ostec.com.br\/wp-content\/uploads\/2023\/02\/logo-projedata.png\" alt=\"logo-projedata\" \/><\/figure>\n<figure><img data-src=\"https:\/\/www.ostec.com.br\/wp-content\/uploads\/2023\/02\/logo-copobras.png\" alt=\"logo-copobras\" \/><\/figure>\n<figure><img data-src=\"https:\/\/www.ostec.com.br\/wp-content\/uploads\/2023\/02\/logo-eliane.png\" alt=\"logo-eliane\" \/><\/figure>\n<h3>Metodolog\u00eda<\/h3>\n<p>Conozca nuestra metodolog\u00eda y comprenda c\u00f3mo podemos brindar m\u00e1s eficiencia a los profesionales de tecnolog\u00eda y resultados para su negocio.<\/p>\n<h6>Descubrimiento<\/h6>\n<p>Inventario de activos seg\u00fan alcance del contrato. Primer escaneo grande.<\/p>\n<h6>An\u00e1lisis<\/h6>\n<p>Resultado de los escaneos y planificaci\u00f3n de la etapa de correcci\u00f3n, definici\u00f3n de prioridades y definici\u00f3n del plan de ejecuci\u00f3n.<\/p>\n<p>\t\t\t\t\t\t\t\t\t\t\t\t\t\t\t<img decoding=\"async\" src=\"https:\/\/www.ostec.com.br\/wp-content\/uploads\/2023\/02\/metodologia-gcv-9.svg\" alt=\"\" \/>\t\t\t\t\t\t\t\t\t\t\t\t\t\t\t<\/p>\n<h6>Preparaci\u00f3n<\/h6>\n<p>Kick-off, estrategia, expectativas, indicadores, puntos de contacto y partes involucradas<\/p>\n<h6>Evaluaci\u00f3n<\/h6>\n<p>Clasificaci\u00f3n y priorizaci\u00f3n de activos en relaci\u00f3n a las principales vulnerabilidades encontradas.<\/p>\n<h6>Correcci\u00f3n<\/h6>\n<p>Correcci\u00f3n de vulnerabilidades. Presentaci\u00f3n de estrategias de ejecuci\u00f3n y rollback, entre otras.<\/p>\n<p>\t\t\t<a href=\"https:\/\/wa.me\/554891170258\" id=\"btn-gcv-especialista-whats\"><br \/>\n\t\t\t\t\t\tHablar con un experto<br \/>\n\t\t\t\t\t<\/a><\/p>\n<h2>Entre<br \/>gables<\/h2>\n<p>\t\t\t\t\t\t\t\t\t\t\t\t<a tabindex=\"0\">Presentaci\u00f3n ejecutiva<\/a><\/p>\n<p>Presentaci\u00f3n mensual que brinda una visi\u00f3n macro de los principales indicadores monitoreados por los servicios de Gesti\u00f3n Continua de Vulnerabilidades.<\/p>\n<p>\t\t\t\t\t\t\t\t\t\t\t\t<a tabindex=\"0\">Informe de vulnerabilidad detallado<\/a><\/p>\n<p>Informe que presenta una vista detallada de las vulnerabilidades encontradas en el \u00faltimo escaneo del mes. Este informe se genera continuamente durante el ciclo de vida del servicio en el marco del cliente.<\/p>\n<p>\t\t\t\t\t\t\t\t\t\t\t\t<a tabindex=\"0\">Informe de resumen de vulnerabilidad<\/a><\/p>\n<p>Informe que brinda una visi\u00f3n macro de las principales vulnerabilidades encontradas en el \u00faltimo escaneo del mes. Este informe se genera continuamente durante el ciclo de vida del servicio en el marco del cliente.<\/p>\n<p>\t\t\t\t\t\t\t\t\t\t\t\t<a tabindex=\"0\">Plan de acci\u00f3n<\/a><\/p>\n<p>Documento que enumera las acciones que deben implementarse para corregir las vulnerabilidades encontradas durante los ciclos de escaneo, as\u00ed como las pautas para la correcci\u00f3n.<\/p>\n<p>\t\t\t\t\t\t\t\t\t\t\t\t<a tabindex=\"0\">Informe de horas consumidas<\/a><\/p>\n<p>Informe detallado del consumo de horas invertidas en el proceso de correcci\u00f3n de las vulnerabilidades encontradas.<\/p>\n<h2>Simular la<br \/> inversi\u00f3n<\/h2>\n<p>Realizamos un pre-diagn\u00f3stico para entender sus necesidades y entregar una propuesta de precios acorde a la realidad de la empresa.<\/p>\n<p>\t\t\t\t\t\t\t<a  id=btn-gcv-simulador><br \/>\n\t\t\t\t\tSimulador de acceso\t\t\t\t<\/a><\/p>\n<h2>\n\t\t\t\t\t\tLA SEGURIDAD DE<br \/>SU NEGOCIO EN<br \/>A UN NUEVO NIVEL\t\t\t\t\t<\/h2>\n<p>Eleva los niveles de seguridad de tu negocio con el servicio <b>de Gesti\u00f3n Continua de Vulnerabilidades (GCV)<\/b> .<\/p>\n<p>\t\t\t\t\t\t\t<a href=\"https:\/\/wa.me\/554891170258\" target=\"_blank\" id=\"btn-gcv-especialista-whats\" rel=\"noopener\"><br \/>\n\t\t\t\t\tChatea en whatsapp\t\t\t\t<\/a><\/p>\n","protected":false},"excerpt":{"rendered":"<p>GESTI\u00d3N CONTINUA DE LA VULNERABILIDAD IDENTIFICAR Y SOLUCIONAR VULNERABILIDADES EN SEGURIDAD DIGITAL El n\u00famero de ciberamenazas crece cada a\u00f1o, al igual que el impacto generado por los incidentes de seguridad. Conoce el servicio de Gesti\u00f3n Continua de Vulnerabilidades (GCV) , y mant\u00e9n tu negocio seguro en internet. HABLAR CON UN ESPECIALISTA Las vulnerabilidades siguen apareciendo [&hellip;]<\/p>\n","protected":false},"author":1,"featured_media":14566,"parent":12468,"menu_order":0,"comment_status":"closed","ping_status":"closed","template":"","meta":{"footnotes":""},"class_list":["post-13069","page","type-page","status-publish","has-post-thumbnail","hentry"],"yoast_head":"<!-- This site is optimized with the Yoast SEO plugin v25.7 - https:\/\/yoast.com\/wordpress\/plugins\/seo\/ -->\n<title>Gesti\u00f3n continua de vulnerabilidades -<\/title>\n<meta name=\"description\" content=\"Gesti\u00f3n continua de vulnerabilidades (GCV), proteja los activos m\u00e1s valiosos de su empresa contra amenazas virtuales. \u00a1Descubre el servicio!\" \/>\n<meta name=\"robots\" content=\"index, follow, max-snippet:-1, max-image-preview:large, max-video-preview:-1\" \/>\n<link rel=\"canonical\" href=\"https:\/\/www.ostec.com.br\/es\/soluciones-2\/gestion-continua-de-vulnerabilidades\/\" \/>\n<meta property=\"og:locale\" content=\"es_ES\" \/>\n<meta property=\"og:type\" content=\"article\" \/>\n<meta property=\"og:title\" content=\"Gesti\u00f3n continua de vulnerabilidades -\" \/>\n<meta property=\"og:description\" content=\"Gesti\u00f3n continua de vulnerabilidades (GCV), proteja los activos m\u00e1s valiosos de su empresa contra amenazas virtuales. \u00a1Descubre el servicio!\" \/>\n<meta property=\"og:url\" content=\"https:\/\/www.ostec.com.br\/es\/soluciones-2\/gestion-continua-de-vulnerabilidades\/\" \/>\n<meta property=\"og:site_name\" content=\"OSTEC - Seguran\u00e7a digital de resultados\" \/>\n<meta property=\"article:publisher\" content=\"https:\/\/www.facebook.com\/ostec\/\" \/>\n<meta property=\"article:modified_time\" content=\"2023-10-19T13:41:36+00:00\" \/>\n<meta property=\"og:image\" content=\"https:\/\/www.ostec.com.br\/wp-content\/uploads\/2023\/10\/profissional-fazendo-gestao-vulnerabilidades-seguranca-mini.jpg\" \/>\n\t<meta property=\"og:image:width\" content=\"375\" \/>\n\t<meta property=\"og:image:height\" content=\"375\" \/>\n\t<meta property=\"og:image:type\" content=\"image\/jpeg\" \/>\n<meta name=\"twitter:card\" content=\"summary_large_image\" \/>\n<meta name=\"twitter:label1\" content=\"Est. reading time\" \/>\n\t<meta name=\"twitter:data1\" content=\"4 minutes\" \/>\n<script type=\"application\/ld+json\" class=\"yoast-schema-graph\">{\"@context\":\"https:\/\/schema.org\",\"@graph\":[{\"@type\":\"WebPage\",\"@id\":\"https:\/\/www.ostec.com.br\/es\/soluciones-2\/gestion-continua-de-vulnerabilidades\/\",\"url\":\"https:\/\/www.ostec.com.br\/es\/soluciones-2\/gestion-continua-de-vulnerabilidades\/\",\"name\":\"Gesti\u00f3n continua de vulnerabilidades -\",\"isPartOf\":{\"@id\":\"https:\/\/www.ostec.com.br\/#website\"},\"primaryImageOfPage\":{\"@id\":\"https:\/\/www.ostec.com.br\/es\/soluciones-2\/gestion-continua-de-vulnerabilidades\/#primaryimage\"},\"image\":{\"@id\":\"https:\/\/www.ostec.com.br\/es\/soluciones-2\/gestion-continua-de-vulnerabilidades\/#primaryimage\"},\"thumbnailUrl\":\"https:\/\/www.ostec.com.br\/wp-content\/uploads\/2023\/10\/profissional-fazendo-gestao-vulnerabilidades-seguranca-mini.jpg\",\"datePublished\":\"2022-02-09T15:58:39+00:00\",\"dateModified\":\"2023-10-19T13:41:36+00:00\",\"description\":\"Gesti\u00f3n continua de vulnerabilidades (GCV), proteja los activos m\u00e1s valiosos de su empresa contra amenazas virtuales. \u00a1Descubre el servicio!\",\"breadcrumb\":{\"@id\":\"https:\/\/www.ostec.com.br\/es\/soluciones-2\/gestion-continua-de-vulnerabilidades\/#breadcrumb\"},\"inLanguage\":\"es-ES\",\"potentialAction\":[{\"@type\":\"ReadAction\",\"target\":[\"https:\/\/www.ostec.com.br\/es\/soluciones-2\/gestion-continua-de-vulnerabilidades\/\"]}]},{\"@type\":\"ImageObject\",\"inLanguage\":\"es-ES\",\"@id\":\"https:\/\/www.ostec.com.br\/es\/soluciones-2\/gestion-continua-de-vulnerabilidades\/#primaryimage\",\"url\":\"https:\/\/www.ostec.com.br\/wp-content\/uploads\/2023\/10\/profissional-fazendo-gestao-vulnerabilidades-seguranca-mini.jpg\",\"contentUrl\":\"https:\/\/www.ostec.com.br\/wp-content\/uploads\/2023\/10\/profissional-fazendo-gestao-vulnerabilidades-seguranca-mini.jpg\",\"width\":375,\"height\":375},{\"@type\":\"BreadcrumbList\",\"@id\":\"https:\/\/www.ostec.com.br\/es\/soluciones-2\/gestion-continua-de-vulnerabilidades\/#breadcrumb\",\"itemListElement\":[{\"@type\":\"ListItem\",\"position\":1,\"name\":\"In\u00edcio\",\"item\":\"https:\/\/www.ostec.com.br\/\"},{\"@type\":\"ListItem\",\"position\":2,\"name\":\"Soluciones\",\"item\":\"https:\/\/www.ostec.com.br\/es\/soluciones-2\/\"},{\"@type\":\"ListItem\",\"position\":3,\"name\":\"Gesti\u00f3n continua de vulnerabilidades\"}]},{\"@type\":\"WebSite\",\"@id\":\"https:\/\/www.ostec.com.br\/#website\",\"url\":\"https:\/\/www.ostec.com.br\/\",\"name\":\"OSTEC - Seguran\u00e7a digital de resultados\",\"description\":\"Seguran\u00e7a digital de resultados.\",\"publisher\":{\"@id\":\"https:\/\/www.ostec.com.br\/#organization\"},\"alternateName\":\"OSTEC\",\"potentialAction\":[{\"@type\":\"SearchAction\",\"target\":{\"@type\":\"EntryPoint\",\"urlTemplate\":\"https:\/\/www.ostec.com.br\/?s={search_term_string}\"},\"query-input\":{\"@type\":\"PropertyValueSpecification\",\"valueRequired\":true,\"valueName\":\"search_term_string\"}}],\"inLanguage\":\"es-ES\"},{\"@type\":\"Organization\",\"@id\":\"https:\/\/www.ostec.com.br\/#organization\",\"name\":\"OSTEC Business Security\",\"alternateName\":\"OSTEC\",\"url\":\"https:\/\/www.ostec.com.br\/\",\"logo\":{\"@type\":\"ImageObject\",\"inLanguage\":\"es-ES\",\"@id\":\"https:\/\/www.ostec.com.br\/#\/schema\/logo\/image\/\",\"url\":\"https:\/\/www.ostec.com.br\/wp-content\/uploads\/2021\/12\/fav_color.svg\",\"contentUrl\":\"https:\/\/www.ostec.com.br\/wp-content\/uploads\/2021\/12\/fav_color.svg\",\"width\":1,\"height\":1,\"caption\":\"OSTEC Business Security\"},\"image\":{\"@id\":\"https:\/\/www.ostec.com.br\/#\/schema\/logo\/image\/\"},\"sameAs\":[\"https:\/\/www.facebook.com\/ostec\/\",\"https:\/\/www.instagram.com\/ostecsecurity\/\",\"https:\/\/www.linkedin.com\/company\/ostec-security\/\"]}]}<\/script>\n<!-- \/ Yoast SEO plugin. -->","yoast_head_json":{"title":"Gesti\u00f3n continua de vulnerabilidades -","description":"Gesti\u00f3n continua de vulnerabilidades (GCV), proteja los activos m\u00e1s valiosos de su empresa contra amenazas virtuales. \u00a1Descubre el servicio!","robots":{"index":"index","follow":"follow","max-snippet":"max-snippet:-1","max-image-preview":"max-image-preview:large","max-video-preview":"max-video-preview:-1"},"canonical":"https:\/\/www.ostec.com.br\/es\/soluciones-2\/gestion-continua-de-vulnerabilidades\/","og_locale":"es_ES","og_type":"article","og_title":"Gesti\u00f3n continua de vulnerabilidades -","og_description":"Gesti\u00f3n continua de vulnerabilidades (GCV), proteja los activos m\u00e1s valiosos de su empresa contra amenazas virtuales. \u00a1Descubre el servicio!","og_url":"https:\/\/www.ostec.com.br\/es\/soluciones-2\/gestion-continua-de-vulnerabilidades\/","og_site_name":"OSTEC - Seguran\u00e7a digital de resultados","article_publisher":"https:\/\/www.facebook.com\/ostec\/","article_modified_time":"2023-10-19T13:41:36+00:00","og_image":[{"width":375,"height":375,"url":"https:\/\/www.ostec.com.br\/wp-content\/uploads\/2023\/10\/profissional-fazendo-gestao-vulnerabilidades-seguranca-mini.jpg","type":"image\/jpeg"}],"twitter_card":"summary_large_image","twitter_misc":{"Est. reading time":"4 minutes"},"schema":{"@context":"https:\/\/schema.org","@graph":[{"@type":"WebPage","@id":"https:\/\/www.ostec.com.br\/es\/soluciones-2\/gestion-continua-de-vulnerabilidades\/","url":"https:\/\/www.ostec.com.br\/es\/soluciones-2\/gestion-continua-de-vulnerabilidades\/","name":"Gesti\u00f3n continua de vulnerabilidades -","isPartOf":{"@id":"https:\/\/www.ostec.com.br\/#website"},"primaryImageOfPage":{"@id":"https:\/\/www.ostec.com.br\/es\/soluciones-2\/gestion-continua-de-vulnerabilidades\/#primaryimage"},"image":{"@id":"https:\/\/www.ostec.com.br\/es\/soluciones-2\/gestion-continua-de-vulnerabilidades\/#primaryimage"},"thumbnailUrl":"https:\/\/www.ostec.com.br\/wp-content\/uploads\/2023\/10\/profissional-fazendo-gestao-vulnerabilidades-seguranca-mini.jpg","datePublished":"2022-02-09T15:58:39+00:00","dateModified":"2023-10-19T13:41:36+00:00","description":"Gesti\u00f3n continua de vulnerabilidades (GCV), proteja los activos m\u00e1s valiosos de su empresa contra amenazas virtuales. \u00a1Descubre el servicio!","breadcrumb":{"@id":"https:\/\/www.ostec.com.br\/es\/soluciones-2\/gestion-continua-de-vulnerabilidades\/#breadcrumb"},"inLanguage":"es-ES","potentialAction":[{"@type":"ReadAction","target":["https:\/\/www.ostec.com.br\/es\/soluciones-2\/gestion-continua-de-vulnerabilidades\/"]}]},{"@type":"ImageObject","inLanguage":"es-ES","@id":"https:\/\/www.ostec.com.br\/es\/soluciones-2\/gestion-continua-de-vulnerabilidades\/#primaryimage","url":"https:\/\/www.ostec.com.br\/wp-content\/uploads\/2023\/10\/profissional-fazendo-gestao-vulnerabilidades-seguranca-mini.jpg","contentUrl":"https:\/\/www.ostec.com.br\/wp-content\/uploads\/2023\/10\/profissional-fazendo-gestao-vulnerabilidades-seguranca-mini.jpg","width":375,"height":375},{"@type":"BreadcrumbList","@id":"https:\/\/www.ostec.com.br\/es\/soluciones-2\/gestion-continua-de-vulnerabilidades\/#breadcrumb","itemListElement":[{"@type":"ListItem","position":1,"name":"In\u00edcio","item":"https:\/\/www.ostec.com.br\/"},{"@type":"ListItem","position":2,"name":"Soluciones","item":"https:\/\/www.ostec.com.br\/es\/soluciones-2\/"},{"@type":"ListItem","position":3,"name":"Gesti\u00f3n continua de vulnerabilidades"}]},{"@type":"WebSite","@id":"https:\/\/www.ostec.com.br\/#website","url":"https:\/\/www.ostec.com.br\/","name":"OSTEC - Seguran\u00e7a digital de resultados","description":"Seguran\u00e7a digital de resultados.","publisher":{"@id":"https:\/\/www.ostec.com.br\/#organization"},"alternateName":"OSTEC","potentialAction":[{"@type":"SearchAction","target":{"@type":"EntryPoint","urlTemplate":"https:\/\/www.ostec.com.br\/?s={search_term_string}"},"query-input":{"@type":"PropertyValueSpecification","valueRequired":true,"valueName":"search_term_string"}}],"inLanguage":"es-ES"},{"@type":"Organization","@id":"https:\/\/www.ostec.com.br\/#organization","name":"OSTEC Business Security","alternateName":"OSTEC","url":"https:\/\/www.ostec.com.br\/","logo":{"@type":"ImageObject","inLanguage":"es-ES","@id":"https:\/\/www.ostec.com.br\/#\/schema\/logo\/image\/","url":"https:\/\/www.ostec.com.br\/wp-content\/uploads\/2021\/12\/fav_color.svg","contentUrl":"https:\/\/www.ostec.com.br\/wp-content\/uploads\/2021\/12\/fav_color.svg","width":1,"height":1,"caption":"OSTEC Business Security"},"image":{"@id":"https:\/\/www.ostec.com.br\/#\/schema\/logo\/image\/"},"sameAs":["https:\/\/www.facebook.com\/ostec\/","https:\/\/www.instagram.com\/ostecsecurity\/","https:\/\/www.linkedin.com\/company\/ostec-security\/"]}]}},"_links":{"self":[{"href":"https:\/\/www.ostec.com.br\/es\/wp-json\/wp\/v2\/pages\/13069","targetHints":{"allow":["GET"]}}],"collection":[{"href":"https:\/\/www.ostec.com.br\/es\/wp-json\/wp\/v2\/pages"}],"about":[{"href":"https:\/\/www.ostec.com.br\/es\/wp-json\/wp\/v2\/types\/page"}],"author":[{"embeddable":true,"href":"https:\/\/www.ostec.com.br\/es\/wp-json\/wp\/v2\/users\/1"}],"replies":[{"embeddable":true,"href":"https:\/\/www.ostec.com.br\/es\/wp-json\/wp\/v2\/comments?post=13069"}],"version-history":[{"count":0,"href":"https:\/\/www.ostec.com.br\/es\/wp-json\/wp\/v2\/pages\/13069\/revisions"}],"up":[{"embeddable":true,"href":"https:\/\/www.ostec.com.br\/es\/wp-json\/wp\/v2\/pages\/12468"}],"wp:featuredmedia":[{"embeddable":true,"href":"https:\/\/www.ostec.com.br\/es\/wp-json\/wp\/v2\/media\/14566"}],"wp:attachment":[{"href":"https:\/\/www.ostec.com.br\/es\/wp-json\/wp\/v2\/media?parent=13069"}],"curies":[{"name":"wp","href":"https:\/\/api.w.org\/{rel}","templated":true}]}}